{"id":8852,"date":"2023-06-12T09:58:47","date_gmt":"2023-06-12T07:58:47","guid":{"rendered":"https:\/\/webshop.w-o-l-f.nl\/?post_type=product&#038;p=8852"},"modified":"2023-06-12T11:59:45","modified_gmt":"2023-06-12T09:59:45","slug":"care-plus-evo-water-filter-gravety-met-3liter-zak-en-kool-carbon-patroon","status":"publish","type":"product","link":"https:\/\/webshop.w-o-l-f.nl\/index.php\/product\/care-plus-evo-water-filter-gravety-met-3liter-zak-en-kool-carbon-patroon\/","title":{"rendered":"care-plus-EVO water filter \/ gravety  met 3Liter zak en kool\/carbon patroon"},"content":{"rendered":"<p>Op pad zonder plastic waterflessen of water sjouwen<br \/>\nveilig en goedkoop drinkwater.<br \/>\nHet waterfilter past in de palm van je hand en filtert meer als 5.000 liter water uit zoetwatermeren, rivieren of beekjes. Afhankelijk van de waterkwaliteit<\/p>\n<p>Care Plus\u00ae Water Filter EVO maakt gebruik van twee filterelementen,<br \/>\nHolle microvezel filter en<br \/>\nvervangbare carbon\/kool filter: deze filter verminderd de aanwezigheid van chemicalie\u0308n en verbetert de smaak van het water. <em>(Het filter is ook te gebruiken zonder het koolfilter) <\/em>LET OP het carbon filter heeft een gebruiksduur van max 30 dagen<em><br \/>\n<\/em><\/p>\n<p>Het membraan filter (0,1 micron) houdt schadelijke bacteri\u00ebn en protozoa tegen..<br \/>\nHet EVO filter zuivert water door middel van een fysieke barri\u00e8re.<br \/>\n<em>( Een waterfilter verwijdert onzuiverheden van water door middel van een fysieke barri\u00e8re, een chemisch proces of een biologisch proces.)<\/em><\/p>\n<p>Om protozo\u00ebn, bacteri\u00ebn \u00e9n virussen nog beter te inactiveren adviseren wij de combinatie van een filter en de juiste chlooroplossing.<br \/>\nLET OP bij verdacht, vuil of risico water, na het filteren, 5 minuten koken is altijd veiliger. Of nabehandelen met waterzuiveringstabletten<br \/>\nLet op niet alle virussen worden door waterfilters verwijderd.<br \/>\nLet op een filter zal niet alle chemicalie\u0308n en gif stoffen verwijderen ( deze zijn vaak te klein om te worden tegen gehouden )<\/p>\n<p>Het Care Plus<sup>\u00ae<\/sup>\u00a0 EVO Water Filter 0,1 micron filtert :<br \/>\nBacteria, Protozoa, and Cysts, including E. Coli, giardia, vibrio cholerea, Salmonella typhi, and microplastics<\/p>\n<p>LET OP: het vervangbare carbon filter: deze filtert <strong>verminderd<\/strong> de aanwezigheid van chemicalie\u0308n en verbetert de smaak van het water.<br \/>\nHet is wel nodig bij opbergen<em> ( na uw camping trip op nood situatie)<\/em>\u00a0 van het filter, op zeker moment het Koolfilter te vervangen<br \/>\n<span style=\"color: #ff0000;\">LET OP het carbon filter heeft een gebruiksduur van max 30 dagen<\/span><br \/>\nActieve kool.carbon verliest zijn werking bij gebruik of na lang opslaan.<\/p>\n<p>Drink direct uit je (zoet)waterbron\u00a0 Via het mondstuk<br \/>\nDirect op een gewone PET fles aan te sluiten als vuilwater reservoir<br \/>\n3Liter zak mee geleverd. Met een metalen ophang karabijn<br \/>\nInline op een drinksysteem direct met bijgeleverde slang, of met een\u00a0 Koppelingen (niet meegeleverd)<br \/>\n(LET OP het kan zijn dat er aan de inlaat kant een siliconen dopje zit. Dit moet u verwijderen bij gebruik, anders kan er geen water door.)<\/p>\n<p>Dit filter kan deels worden ge demonteert en zo schoon gemaakt<\/p>\n<ul>\n<li>0,1 micron absoluut holle vezel membraan filter<\/li>\n<li>1x kool.carbon patroon gemonteerd (LET OP het carbon filter heeft een gebruiksduur van max 30 dagen)<\/li>\n<li>Een 3L herbruikbaar knijp zak<\/li>\n<li>Behuizing : ABS (BPA-vrij en levensmiddelenkwaliteit, voldoet aan de EU commissie voorschriften)<\/li>\n<li>Reinigen door open schroeven en uitspoelen<\/li>\n<li>Filterdop<\/li>\n<li>metalen ophang carabijn<\/li>\n<li>Vuilwater ophang \/ Knijp zak<br \/>\nof Schroef direct op een waterfles Kan worden gebruikt met een gewone PET-fles ( water-sinas-cola fles wel eerst uitspoelen<\/li>\n<li>gebruiksaanwijzing<\/li>\n<li>Afmetingen: 200 x 78 x150 mm (lxbxh)<\/li>\n<li>Gewicht Filter: slechts 100 gram<\/li>\n<li>Gewicht Filter TPU waterzak : 110gram<\/li>\n<li>Doorloop water zonder knijpen +\/- 450cc ( 0,5Liter ) per minuut<\/li>\n<li>Afmeting filter : +\/-\u00a0 4,5cm rond\u00a0 x 15 cm lang<\/li>\n<li><span style=\"color: #ff0000;\">NIET GEBRUIKEN MET HEET WATER (gebruikstemperatuur tussen 0-32\u00b0C )<\/span><br \/>\n<span style=\"color: #ff0000;\">NIET UITSPOELEN MET GLOOR<\/span><br \/>\n<span style=\"color: #ff0000;\">NIET LATEN BEVRIEZEN <\/span><br \/>\n<span style=\"color: #ff0000;\">GEEN WATER IN HET FILTER LATEN ZITTEN BIJ OPBERGEN ( goed uitschudden en laten drogen)<br \/>\nSPOEL GEEN VUIL WATER TEGEN DE RICHTING IN VAN HET FILTER, U ZOU DAN EEN BESMETTING KUNNEN VEROORZAKEN<br \/>\n<\/span><\/li>\n<li><span style=\"color: #ff0000;\">LET OP het kan zijn dat er aan de inlaat kant een siliconen dopje zit. Dit moet u verwijderen bij gebruik, anders kan er geen water door.<\/span><\/li>\n<\/ul>\n<p>Een must voor je BOB, maar ook voor thuis en op reis.<br \/>\nEen Water Filter is een onmisbaar stukje uitrusting.<\/p>\n<p>Ook als u niet gaat kamperen kan het verstandig zijn een goed filter in huis te hebben.<br \/>\nBij twijfel aan het leidingwater ( bijvoorbeeld breuk of buitenland )<br \/>\nOok bij een overstroming, stroomstoring of storing in de schoon water voorziening,<br \/>\nZal er een tekort aan drinkwater kunnen zijn.<\/p>\n<p>Verwijdert 99.99999% van alle bacteri\u00ebn<\/p>\n<p><a href=\"https:\/\/webshop.w-o-l-f.nl\/index.php\/water-zuiveren-filteren-virussen-bacterien\/\" target=\"_blank\" rel=\"noopener noreferrer\">Lees de Water-Zuiveren-filteren-virussen-bacteri\u00ebn pagina Klik hier<\/a><\/p>\n<p>&nbsp;<\/p>\n<p><span style=\"color: #ff0000;\">LET OP: Dit product is verzegeld met een hygi\u00ebne zegel. verpakkingen worden om hygi\u00ebnische redenen niet terug genomen.<\/span><\/p>\n<p>&nbsp;<\/p>\n<p>&nbsp;<\/p>\n<p><script> (function() { var v = document.getElementsByClassName(\"youtube-player\"); for (var n = 0; n < v.length; n++) { v[n].onclick = function () { var iframe = document.createElement(\"iframe\"); iframe.setAttribute(\"src\", \"\/\/www.youtube.com\/embed\/\" + this.dataset.id + \"?autoplay=1&#038;autohide=2&#038;border=0&#038;wmode=opaque&#038;enablejsapi=1&#038;rel=\"+ this.dataset.related +\"&#038;controls=\"+this.dataset.control+\"&#038;showinfo=\" + this.dataset.info); iframe.setAttribute(\"frameborder\", \"0\"); iframe.setAttribute(\"id\", \"youtube-iframe\"); iframe.setAttribute(\"style\", \"width: 100%; height: 100%; position: absolute; top: 0; left: 0;\"); if (this.dataset.fullscreen == 1){ iframe.setAttribute(\"allowfullscreen\", \"\"); } while (this.firstChild) { this.removeChild(this.firstChild); } this.appendChild(iframe); }; } })(); <\/script><\/p>\n","protected":false},"excerpt":{"rendered":"<p>Op pad zonder plastic waterflessen of water sjouwen veilig en goedkoop drinkwater. Het waterfilter past in de palm van je hand en filtert meer als 5.000 liter water uit zoetwatermeren, rivieren of beekjes. Afhankelijk van de waterkwaliteit Care Plus\u00ae Water Filter EVO maakt gebruik van twee filterelementen, Holle microvezel filter en vervangbare carbon\/kool filter: deze [&hellip;]<\/p>\n","protected":false},"featured_media":8856,"comment_status":"open","ping_status":"closed","template":"","meta":[],"pwb-brand":[88],"product_brand":[],"product_cat":[73,34,39,25,36],"product_tag":[],"class_list":{"0":"post-8852","1":"product","2":"type-product","3":"status-publish","4":"has-post-thumbnail","6":"pwb-brand-care-plus","7":"product_cat-care-plus","8":"product_cat-eten-en-drinken","9":"product_cat-hygiene-persoonlijke-verzorging","10":"product_cat-koken","11":"product_cat-water","13":"first","14":"instock","15":"taxable","16":"shipping-taxable","17":"purchasable","18":"product-type-simple"},"brands":[{"id":88,"name":"Care Plus","slug":"care-plus"}],"_links":{"self":[{"href":"https:\/\/webshop.w-o-l-f.nl\/index.php\/wp-json\/wp\/v2\/product\/8852","targetHints":{"allow":["GET"]}}],"collection":[{"href":"https:\/\/webshop.w-o-l-f.nl\/index.php\/wp-json\/wp\/v2\/product"}],"about":[{"href":"https:\/\/webshop.w-o-l-f.nl\/index.php\/wp-json\/wp\/v2\/types\/product"}],"replies":[{"embeddable":true,"href":"https:\/\/webshop.w-o-l-f.nl\/index.php\/wp-json\/wp\/v2\/comments?post=8852"}],"wp:featuredmedia":[{"embeddable":true,"href":"https:\/\/webshop.w-o-l-f.nl\/index.php\/wp-json\/wp\/v2\/media\/8856"}],"wp:attachment":[{"href":"https:\/\/webshop.w-o-l-f.nl\/index.php\/wp-json\/wp\/v2\/media?parent=8852"}],"wp:term":[{"taxonomy":"pwb-brand","embeddable":true,"href":"https:\/\/webshop.w-o-l-f.nl\/index.php\/wp-json\/wp\/v2\/pwb-brand?post=8852"},{"taxonomy":"product_brand","embeddable":true,"href":"https:\/\/webshop.w-o-l-f.nl\/index.php\/wp-json\/wp\/v2\/product_brand?post=8852"},{"taxonomy":"product_cat","embeddable":true,"href":"https:\/\/webshop.w-o-l-f.nl\/index.php\/wp-json\/wp\/v2\/product_cat?post=8852"},{"taxonomy":"product_tag","embeddable":true,"href":"https:\/\/webshop.w-o-l-f.nl\/index.php\/wp-json\/wp\/v2\/product_tag?post=8852"}],"curies":[{"name":"wp","href":"https:\/\/api.w.org\/{rel}","templated":true}]}}