{"id":2427,"date":"2017-10-12T21:51:12","date_gmt":"2017-10-12T19:51:12","guid":{"rendered":"https:\/\/webshop.w-o-l-f.nl\/?post_type=product&#038;p=2427"},"modified":"2020-04-15T23:50:13","modified_gmt":"2020-04-15T21:50:13","slug":"venimex-gifzuiger-care-plus","status":"publish","type":"product","link":"https:\/\/webshop.w-o-l-f.nl\/index.php\/product\/venimex-gifzuiger-care-plus\/","title":{"rendered":"Venimex gifzuiger Care Plus\u00ae"},"content":{"rendered":"<p>Gebruik de Venimex voor de verwijdering van gif na een beet of steek van een insect of spin(achtige). Zo voorkomt u verspreiding van het gif in het lichaam.<\/p>\n<p>De gifzuiger is effectief bij beten en steken van wespen, bijen, spinnen en schorpioenen.<\/p>\n<p>De automatische vacu\u00fcmpomp met sterke zuigkracht (800 millibar) is eenvoudig met \u00e9\u00e9n hand te bedienen.<\/p>\n<p>De mondstukjes zijn op 3 manieren te gebruiken.<\/p>\n<p>Plaats de gifzuiger op de plek van de beet of de steek en druk deze stevig naar beneden totdat de pomp ontsluit.<\/p>\n<p>Laat de automatische vacu\u00fcmpomp \u00e9\u00e9n tot vijf minuten zuigen.<\/p>\n<p>De Venimex gifzuiger is geschikt voor alle leeftijden.<\/p>\n<p>Het is een eerste hulp handeling terwijl wordt gewacht op medische hulp in ernstige gevallen.<\/p>\n<p>&nbsp;<\/p>\n<p>Inhoud:<\/p>\n<ul>\n<li>1x gifzuiger,<\/li>\n<li>2x mondstukje<\/li>\n<\/ul>\n<p>&nbsp;<\/p>\n<p>VOORDELEN<\/p>\n<ul>\n<li>Effectief bij beten en steken van wespen, bijen, spinnen en schorpioenen<\/li>\n<li>Voorkomt dat het gif door het lichaam wordt verspreid<\/li>\n<li>Automatische vacu\u00fcmpomp met een sterke zuigkracht van 800 millibar<\/li>\n<li>Inclusief twee mondstukjes<\/li>\n<li>Geschikt voor alle leeftijden<\/li>\n<li>Eenvoudig met \u00e9\u00e9n hand te bedienen<\/li>\n<li>Handige alles-in-\u00e9\u00e9n verpakking<\/li>\n<\/ul>\n<p>&nbsp;<\/p>\n<p>&nbsp;<\/p>\n<p>PRODUCTSPECIFICATIES<\/p>\n<p>&nbsp;<\/p>\n<p>&nbsp;<\/p>\n<p>EAN code 8714024387000<\/p>\n","protected":false},"excerpt":{"rendered":"<p>verwijdering van gif na een beet of steek van een insect<br \/>\nvacu\u00fcmpomp met sterke zuigkracht (800 millibar)<br \/>\ngeschikt voor alle leeftijden<\/p>\n","protected":false},"featured_media":2431,"comment_status":"open","ping_status":"closed","template":"","meta":[],"pwb-brand":[88],"product_brand":[],"product_cat":[73,13,74],"product_tag":[],"class_list":{"0":"post-2427","1":"product","2":"type-product","3":"status-publish","4":"has-post-thumbnail","6":"pwb-brand-care-plus","7":"product_cat-care-plus","8":"product_cat-ehbo-en-medisch","9":"product_cat-muggen-teken-bijten-en-steken","11":"first","12":"instock","13":"taxable","14":"shipping-taxable","15":"purchasable","16":"product-type-simple"},"brands":[{"id":88,"name":"Care Plus","slug":"care-plus"}],"_links":{"self":[{"href":"https:\/\/webshop.w-o-l-f.nl\/index.php\/wp-json\/wp\/v2\/product\/2427","targetHints":{"allow":["GET"]}}],"collection":[{"href":"https:\/\/webshop.w-o-l-f.nl\/index.php\/wp-json\/wp\/v2\/product"}],"about":[{"href":"https:\/\/webshop.w-o-l-f.nl\/index.php\/wp-json\/wp\/v2\/types\/product"}],"replies":[{"embeddable":true,"href":"https:\/\/webshop.w-o-l-f.nl\/index.php\/wp-json\/wp\/v2\/comments?post=2427"}],"wp:featuredmedia":[{"embeddable":true,"href":"https:\/\/webshop.w-o-l-f.nl\/index.php\/wp-json\/wp\/v2\/media\/2431"}],"wp:attachment":[{"href":"https:\/\/webshop.w-o-l-f.nl\/index.php\/wp-json\/wp\/v2\/media?parent=2427"}],"wp:term":[{"taxonomy":"pwb-brand","embeddable":true,"href":"https:\/\/webshop.w-o-l-f.nl\/index.php\/wp-json\/wp\/v2\/pwb-brand?post=2427"},{"taxonomy":"product_brand","embeddable":true,"href":"https:\/\/webshop.w-o-l-f.nl\/index.php\/wp-json\/wp\/v2\/product_brand?post=2427"},{"taxonomy":"product_cat","embeddable":true,"href":"https:\/\/webshop.w-o-l-f.nl\/index.php\/wp-json\/wp\/v2\/product_cat?post=2427"},{"taxonomy":"product_tag","embeddable":true,"href":"https:\/\/webshop.w-o-l-f.nl\/index.php\/wp-json\/wp\/v2\/product_tag?post=2427"}],"curies":[{"name":"wp","href":"https:\/\/api.w.org\/{rel}","templated":true}]}}