{"id":1664,"date":"2016-10-21T22:52:00","date_gmt":"2016-10-21T20:52:00","guid":{"rendered":"https:\/\/webshop.w-o-l-f.nl\/?post_type=product&#038;p=1664"},"modified":"2022-01-25T00:11:22","modified_gmt":"2022-01-24T23:11:22","slug":"peace-maker-ii-van-cold-steel","status":"publish","type":"product","link":"https:\/\/webshop.w-o-l-f.nl\/index.php\/product\/peace-maker-ii-van-cold-steel\/","title":{"rendered":"Peace Maker II van Cold Steel"},"content":{"rendered":"<p><span style=\"color: #000000; font-family: Arial;\">Een stevig en goed gebalanceerd mes.<\/span><\/p>\n<p><span style=\"color: #000000; font-family: Arial;\">Geschikt voor survival, redding mes, werk mes, kamperen vissen en nog veel meer.<\/span><\/p>\n<p><span style=\"font-family: Arial;\"><span style=\"color: #000000;\">Met de\u00a0full tang zal dit mes je niet in de steek laten.<br \/>\n<\/span><span style=\"color: #000000;\">Voor die prijs is de Peace Maker II een goede lang termijn investering.<\/span><\/span><\/p>\n<p><span style=\"color: #000000; font-family: Arial;\">De schuine punt zorgt voor een goed precisie snijkant.<\/span><\/p>\n<p><span style=\"color: #000000; font-family: Arial;\">De 3mm rug van het mes word gelijkmatig dunner naar de punt.<br \/>\n<\/span><span style=\"color: #000000; font-family: Arial;\"> De slijpvorm zorgt er voor dat het 4116 staal goed is bij te houden.<br \/>\nHet speciale hardingsproces ( Cryogenic hardening ) maakt het een perfecte combinatie.<\/span><\/p>\n<p><span style=\"color: #000000; font-family: Arial;\">De handgreep ziet er eenvoudig uit maar is ondanks dat deze dun is, stevig en heeft een goede grip. Wegglijden doet deze niet.<\/span><\/p>\n<p><span style=\"font-family: Arial;\"><span style=\"color: #000000;\">De schede is uitermate slank en kan zelfs in de laars worden gedragen zonder echt in de weg te zitten of te hinderen.<br \/>\n<\/span><span style=\"color: #000000;\"> De clip kan je omkeren zodat je het mes ook bijvoorbeeld aan een nek riem of molle of jas lus omgekeerd kan dragen en trekken.<\/span><\/span><\/p>\n<p>&nbsp;<\/p>\n<p><strong>LET OP de getoonde beelden zijn opgenomen voor demo test doeleinden. Dit is niet hoe u met een mes moet of kan omgaan.<\/strong><\/p>\n<p><iframe loading=\"lazy\" title=\"Cold Steel - Peace Maker\" width=\"980\" height=\"551\" src=\"https:\/\/www.youtube.com\/embed\/stUp6w-yT-Y?feature=oembed\" frameborder=\"0\" allow=\"accelerometer; autoplay; clipboard-write; encrypted-media; gyroscope; picture-in-picture\" allowfullscreen><\/iframe><\/p>\n<p>&nbsp;<\/p>\n<p>&nbsp;<\/p>\n<p><img loading=\"lazy\" decoding=\"async\" class=\"alignnone size-medium wp-image-589\" src=\"https:\/\/webshop.w-o-l-f.nl\/wp-content\/uploads\/2016\/08\/bewerk1-PEO-no_one_under_eighteen_symbol.svg-64-\u00d7-64-300x48.png\" alt=\"bewerk1-PEO-no_one_under_eighteen_symbol.svg 64 \u00d7 64\" width=\"300\" height=\"48\" srcset=\"https:\/\/webshop.w-o-l-f.nl\/wp-content\/uploads\/2016\/08\/bewerk1-PEO-no_one_under_eighteen_symbol.svg-64-\u00d7-64-300x48.png 300w, https:\/\/webshop.w-o-l-f.nl\/wp-content\/uploads\/2016\/08\/bewerk1-PEO-no_one_under_eighteen_symbol.svg-64-\u00d7-64-416x67.png 416w, https:\/\/webshop.w-o-l-f.nl\/wp-content\/uploads\/2016\/08\/bewerk1-PEO-no_one_under_eighteen_symbol.svg-64-\u00d7-64.png 419w\" sizes=\"auto, (max-width: 300px) 100vw, 300px\" \/><\/p>\n<p><span style=\"color: #ff0000;\">\u00a0<strong>Alle artikelen die 18+ zijn gemerkt, worden door ons alleen verstuurd met 18+ controle door de bezorger.<br \/>\nZorg er voor dat u uw ID bij de hand heeft als de bezorger uw zending komt brengen<\/strong><\/span><\/p>\n<p>&nbsp;<\/p>\n<p><strong>Wetgeving Nederland voor dit mes ( 2012 ).<\/strong><br \/>\nEventueel veranderingen in de wetgeving na 2012 valt niet onder onze verantwoording, en dient koper zelf na te gaan.<\/p>\n<p>Dit mes valt niet onder categorie 1 of 4. Bezit is dus toegestaan en bij je dragen onder omstandigheden ook. Maar let wel op dit stukje uit de wet tekst:<\/p>\n<p><em>&#8220;Voorwerpen waarvan, gelet op hun aard of omstandigheden waaronder zij worden aangetroffen, redelijkerwijs kan worden aangenomen dat zij voor geen ander doel bestemd zijn dan om letsel aan personen toe te brengen of te dreigen &#8211; en die niet onder \u00e9\u00e9n van de drie andere categorie\u00ebn vallen. NB: Het is zeer belangrijk dat je een dergelijk wapen altijd goed verpakt vervoert.&#8221;<\/em><\/p>\n<p><span style=\"text-decoration: underline;\">Vraag je altijd af of je kan rechtvaardigen dat je een dergelijk mes bij je draagt.<\/span><\/p>\n<p><span style=\"text-decoration: underline;\">Als je twijfelt over het antwoord op deze vraag<\/span>, dan is het beter het mes in de tas of koffer te doen \/ goed verpakt te vervoeren en eventueel pas op de plaats van bestemming tevoorschijn te halen.<\/p>\n<p>Hou er altijd rekening mee dat een lokale of plaatselijke verordening anders kan zijn.<br \/>\nZo ook in openbaar vervoer of vliegtuigen en luchthavens.<\/p>\n<p>Let op dat er vaak in uitgaansgebieden TERECHT een verbod geld waar ook dit soort messen onder vallen. En dan is vaak zelfs verpakt niet toegestaan.<\/p>\n<p>Let op, ook in de auto vervoeren onverpakt of gebruiksklaar, kan inbeslagname tot gevolg hebben.<br \/>\nDus ook in de auto geld, goed verpakken is voorkomen dat je het mes kwijt kan raken.<br \/>\nEn in het handschoenen kastje of los in de achterbak, is geen goed idee.<\/p>\n<p><strong><u>Let op: in andere landen gelden vaak andere regels.<\/u><\/strong><\/p>\n<p>Bij aanhouding Afstand doen van het mes.<br \/>\nVaak wordt er gevraagd of je afstand wil doen van je mes, <u>je kan het dan ook niet meer terug krijgen.<\/u><br \/>\nHet argument waarmee men je dan probeert over te halen is dat er dan geen verdere gevolgen zijn.<br \/>\nOp zich is dat natuurlijk een goede zaak ,<br \/>\nbehalve als onterecht je mes in beslag wordt genomen.<\/p>\n<p>Het vervelende is dat te vaak het mes in beslag wordt genomen, op onterechte gronden. Of uit onwetendheid van de functionaris, of onduidelijkheid over wat is toegelaten.<br \/>\nDe functionaris gebruikt dit middel dan als makkelijke uitweg voor zichzelf.<\/p>\n<p>En helaas laten veel mensen zich overdonderen en willen geen poespas.<br \/>\nNiet veel mensen willen staan voor hun recht of principes als dat betekend dat ze er last van hebben.<\/p>\n<p>Overweeg dan om geen afstand te doen.<br \/>\nHet mes zal dan wel in beslag worden genomen, maar bij de rechter bestaat dan de kans dat je het terug krijgt.<\/p>\n","protected":false},"excerpt":{"rendered":"<p><span style=\"color: #000000; font-family: Arial;\">Geschikt voor survival, redding mes, werk mes, kamperen vissen en nog veel meer<\/span><\/p>\n","protected":false},"featured_media":1673,"comment_status":"open","ping_status":"closed","template":"","meta":[],"pwb-brand":[100],"product_brand":[],"product_cat":[99,11],"product_tag":[],"class_list":{"0":"post-1664","1":"product","2":"type-product","3":"status-publish","4":"has-post-thumbnail","6":"pwb-brand-cold-steel","7":"product_cat-cold-steel","8":"product_cat-messen","10":"first","11":"instock","12":"taxable","13":"shipping-taxable","14":"purchasable","15":"product-type-simple"},"brands":[{"id":100,"name":"Cold Steel","slug":"cold-steel"}],"_links":{"self":[{"href":"https:\/\/webshop.w-o-l-f.nl\/index.php\/wp-json\/wp\/v2\/product\/1664","targetHints":{"allow":["GET"]}}],"collection":[{"href":"https:\/\/webshop.w-o-l-f.nl\/index.php\/wp-json\/wp\/v2\/product"}],"about":[{"href":"https:\/\/webshop.w-o-l-f.nl\/index.php\/wp-json\/wp\/v2\/types\/product"}],"replies":[{"embeddable":true,"href":"https:\/\/webshop.w-o-l-f.nl\/index.php\/wp-json\/wp\/v2\/comments?post=1664"}],"wp:featuredmedia":[{"embeddable":true,"href":"https:\/\/webshop.w-o-l-f.nl\/index.php\/wp-json\/wp\/v2\/media\/1673"}],"wp:attachment":[{"href":"https:\/\/webshop.w-o-l-f.nl\/index.php\/wp-json\/wp\/v2\/media?parent=1664"}],"wp:term":[{"taxonomy":"pwb-brand","embeddable":true,"href":"https:\/\/webshop.w-o-l-f.nl\/index.php\/wp-json\/wp\/v2\/pwb-brand?post=1664"},{"taxonomy":"product_brand","embeddable":true,"href":"https:\/\/webshop.w-o-l-f.nl\/index.php\/wp-json\/wp\/v2\/product_brand?post=1664"},{"taxonomy":"product_cat","embeddable":true,"href":"https:\/\/webshop.w-o-l-f.nl\/index.php\/wp-json\/wp\/v2\/product_cat?post=1664"},{"taxonomy":"product_tag","embeddable":true,"href":"https:\/\/webshop.w-o-l-f.nl\/index.php\/wp-json\/wp\/v2\/product_tag?post=1664"}],"curies":[{"name":"wp","href":"https:\/\/api.w.org\/{rel}","templated":true}]}}