{"id":1602,"date":"2016-09-29T17:29:28","date_gmt":"2016-09-29T15:29:28","guid":{"rendered":"https:\/\/webshop.w-o-l-f.nl\/?post_type=product&#038;p=1602"},"modified":"2022-03-05T09:17:42","modified_gmt":"2022-03-05T08:17:42","slug":"finn-bear-van-cold-steel","status":"publish","type":"product","link":"https:\/\/webshop.w-o-l-f.nl\/index.php\/product\/finn-bear-van-cold-steel\/","title":{"rendered":"Finn Bear van Cold Steel"},"content":{"rendered":"<p>Een ideaal mes voor Bushcraft \u2013 outdoor of kamperen.<\/p>\n<p>Geschikt voor links en rechtshandigen.<\/p>\n<p>Stevige punt voor prikken en steken en toch fijn genoeg om te villen en snijden.<\/p>\n<p>Ondanks het 2,5 mm dikke lemmet,<br \/>\nis het toch geen probleem om fijne plakjes te snijden, dankzij de holle slijping.<\/p>\n<p>Het 4116 RVS, houd goed zijn scherpte en is redelijk eenvoudig te onderhouden.<\/p>\n<p>Geen full tang,<br \/>\nmaar zeker niet een te korte tang.<br \/>\nHet gewicht is goed verdeeld en in balans.<\/p>\n<p>Dit mes kan het opnemen tegen een Mora en de Hultafors.<br \/>\nVoor de prijs, echt veel waar voor je geld.<\/p>\n<p>Het is geen \u201cstoer \u201cmes.<br \/>\nMaar een goed werk mes, en daar gaat het om.<br \/>\nHet handvat is wennen. De driehoekige vorm geeft een verbazend goede grip voor het fijnere werk.<br \/>\nMaar ook is het mes door deze vorm van het\u00a0handvat\u00a0geschikt voor links en rechtshandigen.<\/p>\n<p>De schede is slank en zit als gegoten aan je riem.<br \/>\n<span style=\"color: #ff0000;\">PAS op: Het mes zit strak in de schede en zal er niet makkelijk uit komen. <\/span><br \/>\n<span style=\"color: #ff0000;\">Pas dus op bij het er uit trekken dat je niet in je vinger snijd bij het vasthouden van de schede.<\/span><\/p>\n<ul>\n<li>Materiaal German 4116 Stainless Cryo (sub-zero ) Quenched<\/li>\n<li>Hardheid +\/- 56 &#8211; 57<\/li>\n<li>Secure-Ex\u00ae Sheath<\/li>\n<li>Lemet 10 cm tot 10,5 cm droppoint<\/li>\n<li>Lemet dikte +\/- 2,5 mm<\/li>\n<li>Hol geslepen<\/li>\n<li>Slijphoek +\/- 18\u00ba<\/li>\n<li>Handgreep 11cm High Impact Polypropylene<\/li>\n<li>Totale lengte 21 cm<\/li>\n<li>Gewicht. +\/- 79 gram<\/li>\n<\/ul>\n<p>TIP het mes is goed scherp maar even stroppen kan geen kwaad.<\/p>\n<p>De rug aanscherpen als je deze met een firesteel wil gebruiken is helaas wel nodig. Out the box is de rug mooi en glad en weinig afgerond, maar met een enkele streek van een vijl is dit opgelost.<\/p>\n<p><strong>LET OP de getoonde beelden zijn opgenomen voor demo test doeleinden. Dit is niet hoe u met een mes moet of kan omgaan.<\/strong><\/p>\n<p><iframe loading=\"lazy\" title=\"Cold Steel - Finn Bear\" width=\"980\" height=\"551\" src=\"https:\/\/www.youtube.com\/embed\/llhzgKgYMQw?feature=oembed\" frameborder=\"0\" allow=\"accelerometer; autoplay; clipboard-write; encrypted-media; gyroscope; picture-in-picture\" allowfullscreen><\/iframe><\/p>\n<p>&nbsp;<\/p>\n<p>&nbsp;<\/p>\n<p><img loading=\"lazy\" decoding=\"async\" class=\"alignnone size-medium wp-image-589\" src=\"https:\/\/webshop.w-o-l-f.nl\/wp-content\/uploads\/2016\/08\/bewerk1-PEO-no_one_under_eighteen_symbol.svg-64-\u00d7-64-300x48.png\" alt=\"bewerk1-PEO-no_one_under_eighteen_symbol.svg 64 \u00d7 64\" width=\"300\" height=\"48\" srcset=\"https:\/\/webshop.w-o-l-f.nl\/wp-content\/uploads\/2016\/08\/bewerk1-PEO-no_one_under_eighteen_symbol.svg-64-\u00d7-64-300x48.png 300w, https:\/\/webshop.w-o-l-f.nl\/wp-content\/uploads\/2016\/08\/bewerk1-PEO-no_one_under_eighteen_symbol.svg-64-\u00d7-64-416x67.png 416w, https:\/\/webshop.w-o-l-f.nl\/wp-content\/uploads\/2016\/08\/bewerk1-PEO-no_one_under_eighteen_symbol.svg-64-\u00d7-64.png 419w\" sizes=\"auto, (max-width: 300px) 100vw, 300px\" \/><\/p>\n<p><span style=\"color: #ff0000;\">\u00a0<strong>Alle artikelen die 18+ zijn gemerkt, worden door ons alleen verstuurd met 18+ controle door de bezorger.<br \/>\nZorg er voor dat u uw ID bij de hand heeft als de bezorger uw zending komt brengen<\/strong><\/span><\/p>\n<p>&nbsp;<\/p>\n<p><strong>Wetgeving Nederland voor dit mes ( 2012 ).<\/strong><br \/>\nEventueel veranderingen in de wetgeving na 2012 valt niet onder onze verantwoording, en dient koper zelf na te gaan.<\/p>\n<p>Dit mes valt niet onder categorie 1 of 4. Bezit is dus toegestaan en bij je dragen onder omstandigheden ook. Maar let wel op dit stukje uit de wet tekst<\/p>\n<p><em>&#8220;Voorwerpen waarvan, gelet op hun aard of omstandigheden waaronder zij worden aangetroffen, redelijkerwijs kan worden aangenomen dat zij voor geen ander doel bestemd zijn dan om letsel aan personen toe te brengen of te dreigen &#8211; en die niet onder \u00e9\u00e9n van de drie andere categorie\u00ebn vallen. NB: Het is zeer belangrijk dat je een dergelijk wapen altijd goed verpakt vervoert.&#8221;<\/em><\/p>\n<p><span style=\"text-decoration: underline;\">Vraag je altijd af of je kan rechtvaardigen dat je een dergelijk mes bij je draagt.<\/span><\/p>\n<p><span style=\"text-decoration: underline;\">Als je twijfelt over het antwoord op deze vraag<\/span>, dan is het beter het mes in de tas of koffer te doen \/ goed verpakt te vervoeren en eventueel pas op de plaats van bestemming tevoorschijn te halen.<\/p>\n<p>Hou er altijd rekening mee dat een lokale of plaatselijke verordening anders kan zijn.<br \/>\nZo ook in openbaar vervoer of vliegtuigen en luchthavens.<\/p>\n<p>Let op dat er vaak in uitgaansgebieden TERECHT een verbod geld waar ook dit soort messen onder vallen. En dan is vaak zelfs verpakt niet toegestaan.<\/p>\n<p>Let op, ook in de auto vervoeren onverpakt of gebruiksklaar, kan inbeslagname tot gevolg hebben.<br \/>\nDus ook in de auto geld, goed verpakken is voorkomen dat je het mes kwijt kan raken.<br \/>\nen in het handschoenen kastje of los in de achterbak, is geen goed idee.<\/p>\n<p><strong><u>Let op: in andere landen gelden vaak andere regels.<\/u><\/strong><\/p>\n<p>Bij aanhouding Afstand doen van het mes.<br \/>\nVaak wordt er gevraagd of je afstand wil doen van je mes, <u>je kan het dan ook niet meer terug krijgen.<\/u><br \/>\nHet argument waarmee men je dan probeert over te halen is dat er dan geen verdere gevolgen zijn.<br \/>\nOp zich is dat natuurlijk een goede zaak ,<br \/>\nbehalve als onterecht je mes in beslag wordt genomen.<\/p>\n<p>Het vervelende is dat te vaak het mes in beslag wordt genomen, op onterechte gronden. Of uit onwetendheid van de functionaris, of onduidelijkheid over wat is toegelaten.<br \/>\nDe functionaris gebruikt dit middel dan als makkelijke uitweg voor zichzelf.<\/p>\n<p>En helaas laten veel mensen zich overdonderen en willen geen poespas.<br \/>\nNiet veel mensen willen staan voor hun recht of principes als dat betekend dat ze er last van hebben.<\/p>\n<p>Overweeg dan om geen afstand te doen.<br \/>\nHet mes zal dan wel in beslag worden genomen, maar bij de rechter bestaat dan de kans dat je het terug krijgt.<\/p>\n<p>&nbsp;<\/p>\n","protected":false},"excerpt":{"rendered":"<p>Een ideaal mes voor Bushcraft \u2013 outdoor of kamperen<br \/>\nGeschikt voor links en rechtshandigen<\/p>\n","protected":false},"featured_media":1604,"comment_status":"open","ping_status":"closed","template":"","meta":[],"pwb-brand":[100],"product_brand":[],"product_cat":[99,11],"product_tag":[],"class_list":{"0":"post-1602","1":"product","2":"type-product","3":"status-publish","4":"has-post-thumbnail","6":"pwb-brand-cold-steel","7":"product_cat-cold-steel","8":"product_cat-messen","10":"first","11":"instock","12":"sale","13":"taxable","14":"shipping-taxable","15":"purchasable","16":"product-type-simple"},"brands":[{"id":100,"name":"Cold Steel","slug":"cold-steel"}],"_links":{"self":[{"href":"https:\/\/webshop.w-o-l-f.nl\/index.php\/wp-json\/wp\/v2\/product\/1602","targetHints":{"allow":["GET"]}}],"collection":[{"href":"https:\/\/webshop.w-o-l-f.nl\/index.php\/wp-json\/wp\/v2\/product"}],"about":[{"href":"https:\/\/webshop.w-o-l-f.nl\/index.php\/wp-json\/wp\/v2\/types\/product"}],"replies":[{"embeddable":true,"href":"https:\/\/webshop.w-o-l-f.nl\/index.php\/wp-json\/wp\/v2\/comments?post=1602"}],"wp:featuredmedia":[{"embeddable":true,"href":"https:\/\/webshop.w-o-l-f.nl\/index.php\/wp-json\/wp\/v2\/media\/1604"}],"wp:attachment":[{"href":"https:\/\/webshop.w-o-l-f.nl\/index.php\/wp-json\/wp\/v2\/media?parent=1602"}],"wp:term":[{"taxonomy":"pwb-brand","embeddable":true,"href":"https:\/\/webshop.w-o-l-f.nl\/index.php\/wp-json\/wp\/v2\/pwb-brand?post=1602"},{"taxonomy":"product_brand","embeddable":true,"href":"https:\/\/webshop.w-o-l-f.nl\/index.php\/wp-json\/wp\/v2\/product_brand?post=1602"},{"taxonomy":"product_cat","embeddable":true,"href":"https:\/\/webshop.w-o-l-f.nl\/index.php\/wp-json\/wp\/v2\/product_cat?post=1602"},{"taxonomy":"product_tag","embeddable":true,"href":"https:\/\/webshop.w-o-l-f.nl\/index.php\/wp-json\/wp\/v2\/product_tag?post=1602"}],"curies":[{"name":"wp","href":"https:\/\/api.w.org\/{rel}","templated":true}]}}